{"id":41916,"date":"2023-08-21T08:51:33","date_gmt":"2023-08-21T10:51:33","guid":{"rendered":"https:\/\/zubr.lt\/?post_type=product&#038;p=41916"},"modified":"2026-03-25T17:04:44","modified_gmt":"2026-03-25T19:04:44","slug":"uteho-autoklavas-juodo-metalo-che16","status":"publish","type":"product","link":"https:\/\/zubr.lt\/en\/produktas\/uteho-autoklavas-juodo-metalo-che16\/","title":{"rendered":"Autoklavas juodo metalo CHE16"},"content":{"rendered":"<p>Specifikacijos<\/p>\n<p>Auk\u0161tis 53 cm<br \/>\nSkersmuo 32cm<br \/>\nKaklo skersmuo 15 cm<br \/>\nSvoris 12 kg<br \/>\nT\u016bris 25 l<br \/>\nTermometras 150C<br \/>\nDarbin\u0117 temperat\u016bra 110 C &#8211; 120 C<br \/>\nMaksimali temperat\u016bra 125 C<br \/>\nManometras 6 atm<br \/>\nDarbinis sl\u0117gis 3,5 atm<br \/>\nMaksimalus darbinis sl\u0117gis 6 atm<br \/>\nSienel\u0117s storis 2 mm<br \/>\nDugno storis 2 mm<br \/>\nKaklo ir dangtelio storis 6 mm<br \/>\n\u012ekaitinimas iki darbin\u0117s temperat\u016bros 60 min<br \/>\nTalpa:<\/p>\n<p>0,5l 16 vnt.<br \/>\n1l 7 vnt.<br \/>\n2l 3 vnt.<br \/>\n3l 0 vnt.<br \/>\nKorpuso med\u017eiaga: Juodas plienas<br \/>\n\u0160ildymo b\u016bdas: Dujos (ant atviros ugnies)<br \/>\nMinimali \u012fkrova: Nuo 1 stiklainio ir daugiau<br \/>\nDanga: Miltelin\u0117 danga (atspari kar\u0161\u010diui)<br \/>\n<iframe loading=\"lazy\" title=\"\u0410\u0432\u0442\u043e\u043a\u043b\u0430\u0432 &quot;\u0423\u0422\u0435\u0445-8&quot; - \u041e\u0431\u0437\u043e\u0440\" width=\"1200\" height=\"675\" src=\"https:\/\/www.youtube.com\/embed\/6sKU1MUIwQ0?feature=oembed\" frameborder=\"0\" allow=\"accelerometer; autoplay; clipboard-write; encrypted-media; gyroscope; picture-in-picture; web-share\" allowfullscreen><\/iframe><\/p>\n","protected":false},"excerpt":{"rendered":"<p>Specifikacijos Auk\u0161tis 53 cm Skersmuo 32cm Kaklo skersmuo 15 cm Svoris 12 kg T\u016bris 25 l Termometras 150C Darbin\u0117 temperat\u016bra 110 C &#8211; 120 C Maksimali temperat\u016bra 125 C Manometras 6 atm Darbinis sl\u0117gis 3,5 atm Maksimalus darbinis sl\u0117gis 6 atm Sienel\u0117s storis 2 mm Dugno storis 2 mm Kaklo ir dangtelio storis 6 mm&hellip;<\/p>\n","protected":false},"featured_media":41915,"comment_status":"open","ping_status":"closed","template":"","meta":[],"product_brand":[],"product_cat":[222],"product_tag":[241],"class_list":{"0":"post-41916","1":"product","2":"type-product","3":"status-publish","4":"has-post-thumbnail","6":"product_cat-konservavimo-autoklavai","7":"product_tag-brangesnes","8":"description-off","10":"first","11":"instock","12":"shipping-taxable","13":"purchasable","14":"product-type-simple"},"yoast_head":"<!-- This site is optimized with the Yoast SEO plugin v26.7 - https:\/\/yoast.com\/wordpress\/plugins\/seo\/ -->\n<title>Autoklavas juodo metalo CHE16<\/title>\n<meta name=\"robots\" content=\"index, follow, max-snippet:-1, max-image-preview:large, max-video-preview:-1\" \/>\n<link rel=\"canonical\" href=\"https:\/\/zubr.lt\/en\/produktas\/uteho-autoklavas-juodo-metalo-che16\/\" \/>\n<meta property=\"og:locale\" content=\"en_US\" \/>\n<meta property=\"og:locale:alternate\" content=\"lt_LT\" \/>\n<meta property=\"og:locale:alternate\" content=\"ru_RU\" \/>\n<meta property=\"og:type\" content=\"article\" \/>\n<meta property=\"og:title\" content=\"Autoklavas juodo metalo CHE16\" \/>\n<meta property=\"og:description\" content=\"Specifikacijos Auk\u0161tis 53 cm Skersmuo 32cm Kaklo skersmuo 15 cm Svoris 12 kg T\u016bris 25 l Termometras 150C Darbin\u0117 temperat\u016bra 110 C &#8211; 120 C Maksimali temperat\u016bra 125 C Manometras 6 atm Darbinis sl\u0117gis 3,5 atm Maksimalus darbinis sl\u0117gis 6 atm Sienel\u0117s storis 2 mm Dugno storis 2 mm Kaklo ir dangtelio storis 6 mm&hellip;\" \/>\n<meta property=\"og:url\" content=\"https:\/\/zubr.lt\/en\/produktas\/uteho-autoklavas-juodo-metalo-che16\/\" \/>\n<meta property=\"og:site_name\" content=\"MOTOBLOKAI IR MINITRAKTORIAI\" \/>\n<meta property=\"article:modified_time\" content=\"2026-03-25T19:04:44+00:00\" \/>\n<meta property=\"og:image\" content=\"https:\/\/zubr.lt\/wp-content\/uploads\/2023\/08\/autoklavas-juodo-metalo-che8-kopija-1-1.jpg\" \/>\n\t<meta property=\"og:image:width\" content=\"1188\" \/>\n\t<meta property=\"og:image:height\" content=\"1188\" \/>\n\t<meta property=\"og:image:type\" content=\"image\/jpeg\" \/>\n<meta name=\"twitter:card\" content=\"summary_large_image\" \/>\n<script type=\"application\/ld+json\" class=\"yoast-schema-graph\">{\"@context\":\"https:\/\/schema.org\",\"@graph\":[{\"@type\":\"WebPage\",\"@id\":\"https:\/\/zubr.lt\/produktas\/uteho-autoklavas-juodo-metalo-che16\/\",\"url\":\"https:\/\/zubr.lt\/produktas\/uteho-autoklavas-juodo-metalo-che16\/\",\"name\":\"Autoklavas juodo metalo CHE16\",\"isPartOf\":{\"@id\":\"https:\/\/zubr.lt\/#website\"},\"primaryImageOfPage\":{\"@id\":\"https:\/\/zubr.lt\/produktas\/uteho-autoklavas-juodo-metalo-che16\/#primaryimage\"},\"image\":{\"@id\":\"https:\/\/zubr.lt\/produktas\/uteho-autoklavas-juodo-metalo-che16\/#primaryimage\"},\"thumbnailUrl\":\"https:\/\/zubr.lt\/wp-content\/uploads\/2023\/08\/autoklavas-juodo-metalo-che8-kopija-1-1.jpg\",\"datePublished\":\"2023-08-21T10:51:33+00:00\",\"dateModified\":\"2026-03-25T19:04:44+00:00\",\"breadcrumb\":{\"@id\":\"https:\/\/zubr.lt\/produktas\/uteho-autoklavas-juodo-metalo-che16\/#breadcrumb\"},\"inLanguage\":\"en-US\",\"potentialAction\":[{\"@type\":\"ReadAction\",\"target\":[\"https:\/\/zubr.lt\/produktas\/uteho-autoklavas-juodo-metalo-che16\/\"]}]},{\"@type\":\"ImageObject\",\"inLanguage\":\"en-US\",\"@id\":\"https:\/\/zubr.lt\/produktas\/uteho-autoklavas-juodo-metalo-che16\/#primaryimage\",\"url\":\"https:\/\/zubr.lt\/wp-content\/uploads\/2023\/08\/autoklavas-juodo-metalo-che8-kopija-1-1.jpg\",\"contentUrl\":\"https:\/\/zubr.lt\/wp-content\/uploads\/2023\/08\/autoklavas-juodo-metalo-che8-kopija-1-1.jpg\",\"width\":1188,\"height\":1188},{\"@type\":\"BreadcrumbList\",\"@id\":\"https:\/\/zubr.lt\/produktas\/uteho-autoklavas-juodo-metalo-che16\/#breadcrumb\",\"itemListElement\":[{\"@type\":\"ListItem\",\"position\":1,\"name\":\"Home\",\"item\":\"https:\/\/zubr.lt\/\"},{\"@type\":\"ListItem\",\"position\":2,\"name\":\"Produktai\",\"item\":\"https:\/\/zubr.lt\/shop\/\"},{\"@type\":\"ListItem\",\"position\":3,\"name\":\"Autoklavas juodo metalo CHE16\"}]},{\"@type\":\"WebSite\",\"@id\":\"https:\/\/zubr.lt\/#website\",\"url\":\"https:\/\/zubr.lt\/\",\"name\":\"MOTOBLOKAI IR MINITRAKTORIAI\",\"description\":\"pardavimas, remontas\",\"potentialAction\":[{\"@type\":\"SearchAction\",\"target\":{\"@type\":\"EntryPoint\",\"urlTemplate\":\"https:\/\/zubr.lt\/?s={search_term_string}\"},\"query-input\":{\"@type\":\"PropertyValueSpecification\",\"valueRequired\":true,\"valueName\":\"search_term_string\"}}],\"inLanguage\":\"en-US\"}]}<\/script>\n<!-- \/ Yoast SEO plugin. -->","yoast_head_json":{"title":"Autoklavas juodo metalo CHE16","robots":{"index":"index","follow":"follow","max-snippet":"max-snippet:-1","max-image-preview":"max-image-preview:large","max-video-preview":"max-video-preview:-1"},"canonical":"https:\/\/zubr.lt\/en\/produktas\/uteho-autoklavas-juodo-metalo-che16\/","og_locale":"en_US","og_type":"article","og_title":"[:lt]Autoklavas juodo metalo CHE16[:] - MOTOBLOKAI IR MINITRAKTORIAI","og_description":"Specifikacijos Auk\u0161tis 53 cm Skersmuo 32cm Kaklo skersmuo 15 cm Svoris 12 kg T\u016bris 25 l Termometras 150C Darbin\u0117 temperat\u016bra 110 C &#8211; 120 C Maksimali temperat\u016bra 125 C Manometras 6 atm Darbinis sl\u0117gis 3,5 atm Maksimalus darbinis sl\u0117gis 6 atm Sienel\u0117s storis 2 mm Dugno storis 2 mm Kaklo ir dangtelio storis 6 mm&hellip;","og_url":"https:\/\/zubr.lt\/en\/produktas\/uteho-autoklavas-juodo-metalo-che16\/","og_site_name":"MOTOBLOKAI IR MINITRAKTORIAI","article_modified_time":"2026-03-25T19:04:44+00:00","og_image":[{"width":1188,"height":1188,"url":"https:\/\/zubr.lt\/wp-content\/uploads\/2023\/08\/autoklavas-juodo-metalo-che8-kopija-1-1.jpg","type":"image\/jpeg"}],"twitter_card":"summary_large_image","schema":{"@context":"https:\/\/schema.org","@graph":[{"@type":"WebPage","@id":"https:\/\/zubr.lt\/produktas\/uteho-autoklavas-juodo-metalo-che16\/","url":"https:\/\/zubr.lt\/produktas\/uteho-autoklavas-juodo-metalo-che16\/","name":"Autoklavas juodo metalo CHE16","isPartOf":{"@id":"https:\/\/zubr.lt\/#website"},"primaryImageOfPage":{"@id":"https:\/\/zubr.lt\/produktas\/uteho-autoklavas-juodo-metalo-che16\/#primaryimage"},"image":{"@id":"https:\/\/zubr.lt\/produktas\/uteho-autoklavas-juodo-metalo-che16\/#primaryimage"},"thumbnailUrl":"https:\/\/zubr.lt\/wp-content\/uploads\/2023\/08\/autoklavas-juodo-metalo-che8-kopija-1-1.jpg","datePublished":"2023-08-21T10:51:33+00:00","dateModified":"2026-03-25T19:04:44+00:00","breadcrumb":{"@id":"https:\/\/zubr.lt\/produktas\/uteho-autoklavas-juodo-metalo-che16\/#breadcrumb"},"inLanguage":"en-US","potentialAction":[{"@type":"ReadAction","target":["https:\/\/zubr.lt\/produktas\/uteho-autoklavas-juodo-metalo-che16\/"]}]},{"@type":"ImageObject","inLanguage":"en-US","@id":"https:\/\/zubr.lt\/produktas\/uteho-autoklavas-juodo-metalo-che16\/#primaryimage","url":"https:\/\/zubr.lt\/wp-content\/uploads\/2023\/08\/autoklavas-juodo-metalo-che8-kopija-1-1.jpg","contentUrl":"https:\/\/zubr.lt\/wp-content\/uploads\/2023\/08\/autoklavas-juodo-metalo-che8-kopija-1-1.jpg","width":1188,"height":1188},{"@type":"BreadcrumbList","@id":"https:\/\/zubr.lt\/produktas\/uteho-autoklavas-juodo-metalo-che16\/#breadcrumb","itemListElement":[{"@type":"ListItem","position":1,"name":"Home","item":"https:\/\/zubr.lt\/"},{"@type":"ListItem","position":2,"name":"Produktai","item":"https:\/\/zubr.lt\/shop\/"},{"@type":"ListItem","position":3,"name":"Autoklavas juodo metalo CHE16"}]},{"@type":"WebSite","@id":"https:\/\/zubr.lt\/#website","url":"https:\/\/zubr.lt\/","name":"MOTOBLOKAI IR MINITRAKTORIAI","description":"pardavimas, remontas","potentialAction":[{"@type":"SearchAction","target":{"@type":"EntryPoint","urlTemplate":"https:\/\/zubr.lt\/?s={search_term_string}"},"query-input":{"@type":"PropertyValueSpecification","valueRequired":true,"valueName":"search_term_string"}}],"inLanguage":"en-US"}]}},"_links":{"self":[{"href":"https:\/\/zubr.lt\/en\/wp-json\/wp\/v2\/product\/41916","targetHints":{"allow":["GET"]}}],"collection":[{"href":"https:\/\/zubr.lt\/en\/wp-json\/wp\/v2\/product"}],"about":[{"href":"https:\/\/zubr.lt\/en\/wp-json\/wp\/v2\/types\/product"}],"replies":[{"embeddable":true,"href":"https:\/\/zubr.lt\/en\/wp-json\/wp\/v2\/comments?post=41916"}],"wp:featuredmedia":[{"embeddable":true,"href":"https:\/\/zubr.lt\/en\/wp-json\/wp\/v2\/media\/41915"}],"wp:attachment":[{"href":"https:\/\/zubr.lt\/en\/wp-json\/wp\/v2\/media?parent=41916"}],"wp:term":[{"taxonomy":"product_brand","embeddable":true,"href":"https:\/\/zubr.lt\/en\/wp-json\/wp\/v2\/product_brand?post=41916"},{"taxonomy":"product_cat","embeddable":true,"href":"https:\/\/zubr.lt\/en\/wp-json\/wp\/v2\/product_cat?post=41916"},{"taxonomy":"product_tag","embeddable":true,"href":"https:\/\/zubr.lt\/en\/wp-json\/wp\/v2\/product_tag?post=41916"}],"curies":[{"name":"wp","href":"https:\/\/api.w.org\/{rel}","templated":true}]}}