{"id":43018,"date":"2025-02-05T08:39:41","date_gmt":"2025-02-05T10:39:41","guid":{"rendered":"https:\/\/zubr.lt\/?post_type=product&#038;p=43018"},"modified":"2026-01-13T07:57:59","modified_gmt":"2026-01-13T09:57:59","slug":"rankine-sulciaspaude-presas-lan-10","status":"publish","type":"product","link":"https:\/\/zubr.lt\/en\/produktas\/rankine-sulciaspaude-presas-lan-10\/","title":{"rendered":"Rankin\u0117 sul\u010diaspaud\u0117 &#8211; presas LAN-10"},"content":{"rendered":"<p>Rankin\u0117 sul\u010diaspaud\u0117 LAN-10 skirta i\u0161spausti sultims i\u0161 \u012fvairi\u0173 vaisi\u0173, uog\u0173 ir dar\u017eovi\u0173. \u012erengimas gali b\u016bti naudojamas ne tik sodo, bet ir \u017eem\u0117s \u016bkiuose.<br \/>\nSul\u010diaspaud\u0119 sudaro perforuotas korpusas, sraigtinis presas ir l\u0117k\u0161t\u0117. Svarbu, kad visos kontaktuojan\u010dios su spaud\u017eiamu produktu dalys yra pagamintos, maisto gamybos \u012frangai skirto ner\u016bdijan\u010dio plieno.<br \/>\nKalb\u0117dami apie sul\u010diaspaud\u0117s LAN  privalumus, norime akcentuoti jos multifunkcionalum\u0105, patikimum\u0105, patogum\u0105 naudojime, galimyb\u0119 spausti sultis ten, kur n\u0117ra elektros tinklo bei didesn\u012f sul\u010di\u0173 i\u0161spaudimo procent\u0105, lyginant su elektrin\u0117mis sul\u010diaspaud\u0117mis.<br \/>\nPradedant darb\u0105, pastatykite sul\u010diaspaud\u0119 ant tvirto pavir\u0161iaus (stalo) ir paki\u0161kite po jos korpusu specialiai pagamint\u0105 arba tik pritaikyt\u0105 sulims surinkti talp\u0105. Nor\u0117dami i\u0161spausti sultis i\u0161 didesni\u0173 ir tvirtesni\u0173 vaisi\u0173 arba dar\u017eovi\u0173, jas pimiausia reik\u0117t\u0173 susmulkinti. \u012erengimo sraigtinis presas turi optimaliai apskai\u010diuoto ilgio patogias rankenas, kurios juntamai palengvina rankin\u012f sraigto sukim\u0105, sul\u010di\u0173 spaudimo proceso metu. Sul\u010diaspaud\u0117s dugnas, dar vadinamas l\u0117k\u0161te, yra \u012fgaubtas apa\u010dion, jame yra padarytas, sul\u010di\u0173 i\u0161tek\u0117jim\u0105 nukreipaintis latakas. I\u0161spaustos sultys i\u0161tek\u0117s tiesiai \u012f po sul\u010diaspaud\u0117s korpusu paki\u0161t\u0105 talp\u0105.<br \/>\nPatrauklu, kad sul\u010diaspaud\u0117s pagalba galima i\u0161spausti med\u0173 i\u0161 kori\u0173, pienel\u012f i\u0161 kedro rie\u0161ut\u0173, j\u0105 taip pat galima naudoti gaminat s\u016br\u012f ir net presuojant m\u0117s\u0105.<\/p>\n<p>Talpa L: 10<br \/>\nI\u0161matavimai (mm): 335x335x445<br \/>\nSvoris netto (kg), ne daugiau: 14<br \/>\nTarnavimo laikas (m): 10<br \/>\nGarantija (m\u0117n): 12<\/p>\n<p><iframe loading=\"lazy\" title=\"\u0412\u0438\u043d\u0442\u043e\u0432\u043e\u0439 \u043f\u0440\u0435\u0441\u0441 \u041b\u0410\u041d\" width=\"1200\" height=\"675\" src=\"https:\/\/www.youtube.com\/embed\/TRtLXKDWPqc?feature=oembed\" frameborder=\"0\" allow=\"accelerometer; autoplay; clipboard-write; encrypted-media; gyroscope; picture-in-picture; web-share\" referrerpolicy=\"strict-origin-when-cross-origin\" allowfullscreen><\/iframe><\/p>\n","protected":false},"excerpt":{"rendered":"<p>Rankin\u0117 sul\u010diaspaud\u0117 LAN-10 skirta i\u0161spausti sultims i\u0161 \u012fvairi\u0173 vaisi\u0173, uog\u0173 ir dar\u017eovi\u0173. \u012erengimas gali b\u016bti naudojamas ne tik sodo, bet ir \u017eem\u0117s \u016bkiuose. Sul\u010diaspaud\u0119 sudaro perforuotas korpusas, sraigtinis presas ir l\u0117k\u0161t\u0117. Svarbu, kad visos kontaktuojan\u010dios su spaud\u017eiamu produktu dalys yra pagamintos, maisto gamybos \u012frangai skirto ner\u016bdijan\u010dio plieno. Kalb\u0117dami apie sul\u010diaspaud\u0117s LAN privalumus, norime akcentuoti jos&hellip;<\/p>\n","protected":false},"featured_media":43022,"comment_status":"open","ping_status":"closed","template":"","meta":[],"product_brand":[],"product_cat":[258],"product_tag":[],"class_list":{"0":"post-43018","1":"product","2":"type-product","3":"status-publish","4":"has-post-thumbnail","6":"product_cat-sulciaspaudes","7":"description-off","9":"first","10":"instock","11":"shipping-taxable","12":"purchasable","13":"product-type-simple"},"yoast_head":"<!-- This site is optimized with the Yoast SEO plugin v26.7 - https:\/\/yoast.com\/wordpress\/plugins\/seo\/ -->\n<title>Rankin\u0117 sul\u010diaspaud\u0117 - presas LAN-10<\/title>\n<meta name=\"robots\" content=\"index, follow, max-snippet:-1, max-image-preview:large, max-video-preview:-1\" \/>\n<link rel=\"canonical\" href=\"https:\/\/zubr.lt\/en\/produktas\/rankine-sulciaspaude-presas-lan-10\/\" \/>\n<meta property=\"og:locale\" content=\"en_US\" \/>\n<meta property=\"og:locale:alternate\" content=\"lt_LT\" \/>\n<meta property=\"og:locale:alternate\" content=\"ru_RU\" \/>\n<meta property=\"og:type\" content=\"article\" \/>\n<meta property=\"og:title\" content=\"Rankin\u0117 sul\u010diaspaud\u0117 - presas LAN-10\" \/>\n<meta property=\"og:description\" content=\"Rankin\u0117 sul\u010diaspaud\u0117 LAN-10 skirta i\u0161spausti sultims i\u0161 \u012fvairi\u0173 vaisi\u0173, uog\u0173 ir dar\u017eovi\u0173. \u012erengimas gali b\u016bti naudojamas ne tik sodo, bet ir \u017eem\u0117s \u016bkiuose. Sul\u010diaspaud\u0119 sudaro perforuotas korpusas, sraigtinis presas ir l\u0117k\u0161t\u0117. Svarbu, kad visos kontaktuojan\u010dios su spaud\u017eiamu produktu dalys yra pagamintos, maisto gamybos \u012frangai skirto ner\u016bdijan\u010dio plieno. Kalb\u0117dami apie sul\u010diaspaud\u0117s LAN privalumus, norime akcentuoti jos&hellip;\" \/>\n<meta property=\"og:url\" content=\"https:\/\/zubr.lt\/en\/produktas\/rankine-sulciaspaude-presas-lan-10\/\" \/>\n<meta property=\"og:site_name\" content=\"MOTOBLOKAI IR MINITRAKTORIAI\" \/>\n<meta property=\"article:modified_time\" content=\"2026-01-13T09:57:59+00:00\" \/>\n<meta property=\"og:image\" content=\"https:\/\/zubr.lt\/wp-content\/uploads\/2025\/02\/rankine-sulciaspaude-presas-lan-10-6-1.jpg\" \/>\n\t<meta property=\"og:image:width\" content=\"800\" \/>\n\t<meta property=\"og:image:height\" content=\"800\" \/>\n\t<meta property=\"og:image:type\" content=\"image\/jpeg\" \/>\n<meta name=\"twitter:card\" content=\"summary_large_image\" \/>\n<script type=\"application\/ld+json\" class=\"yoast-schema-graph\">{\"@context\":\"https:\/\/schema.org\",\"@graph\":[{\"@type\":\"WebPage\",\"@id\":\"https:\/\/zubr.lt\/produktas\/rankine-sulciaspaude-presas-lan-10\/\",\"url\":\"https:\/\/zubr.lt\/produktas\/rankine-sulciaspaude-presas-lan-10\/\",\"name\":\"Rankin\u0117 sul\u010diaspaud\u0117 - presas LAN-10\",\"isPartOf\":{\"@id\":\"https:\/\/zubr.lt\/#website\"},\"primaryImageOfPage\":{\"@id\":\"https:\/\/zubr.lt\/produktas\/rankine-sulciaspaude-presas-lan-10\/#primaryimage\"},\"image\":{\"@id\":\"https:\/\/zubr.lt\/produktas\/rankine-sulciaspaude-presas-lan-10\/#primaryimage\"},\"thumbnailUrl\":\"https:\/\/zubr.lt\/wp-content\/uploads\/2025\/02\/rankine-sulciaspaude-presas-lan-10-6-1.jpg\",\"datePublished\":\"2025-02-05T10:39:41+00:00\",\"dateModified\":\"2026-01-13T09:57:59+00:00\",\"breadcrumb\":{\"@id\":\"https:\/\/zubr.lt\/produktas\/rankine-sulciaspaude-presas-lan-10\/#breadcrumb\"},\"inLanguage\":\"en-US\",\"potentialAction\":[{\"@type\":\"ReadAction\",\"target\":[\"https:\/\/zubr.lt\/produktas\/rankine-sulciaspaude-presas-lan-10\/\"]}]},{\"@type\":\"ImageObject\",\"inLanguage\":\"en-US\",\"@id\":\"https:\/\/zubr.lt\/produktas\/rankine-sulciaspaude-presas-lan-10\/#primaryimage\",\"url\":\"https:\/\/zubr.lt\/wp-content\/uploads\/2025\/02\/rankine-sulciaspaude-presas-lan-10-6-1.jpg\",\"contentUrl\":\"https:\/\/zubr.lt\/wp-content\/uploads\/2025\/02\/rankine-sulciaspaude-presas-lan-10-6-1.jpg\",\"width\":800,\"height\":800},{\"@type\":\"BreadcrumbList\",\"@id\":\"https:\/\/zubr.lt\/produktas\/rankine-sulciaspaude-presas-lan-10\/#breadcrumb\",\"itemListElement\":[{\"@type\":\"ListItem\",\"position\":1,\"name\":\"Home\",\"item\":\"https:\/\/zubr.lt\/\"},{\"@type\":\"ListItem\",\"position\":2,\"name\":\"Produktai\",\"item\":\"https:\/\/zubr.lt\/shop\/\"},{\"@type\":\"ListItem\",\"position\":3,\"name\":\"Rankin\u0117 sul\u010diaspaud\u0117 &#8211; presas LAN-10\"}]},{\"@type\":\"WebSite\",\"@id\":\"https:\/\/zubr.lt\/#website\",\"url\":\"https:\/\/zubr.lt\/\",\"name\":\"MOTOBLOKAI IR MINITRAKTORIAI\",\"description\":\"pardavimas, remontas\",\"potentialAction\":[{\"@type\":\"SearchAction\",\"target\":{\"@type\":\"EntryPoint\",\"urlTemplate\":\"https:\/\/zubr.lt\/?s={search_term_string}\"},\"query-input\":{\"@type\":\"PropertyValueSpecification\",\"valueRequired\":true,\"valueName\":\"search_term_string\"}}],\"inLanguage\":\"en-US\"}]}<\/script>\n<!-- \/ Yoast SEO plugin. -->","yoast_head_json":{"title":"Rankin\u0117 sul\u010diaspaud\u0117 - presas LAN-10","robots":{"index":"index","follow":"follow","max-snippet":"max-snippet:-1","max-image-preview":"max-image-preview:large","max-video-preview":"max-video-preview:-1"},"canonical":"https:\/\/zubr.lt\/en\/produktas\/rankine-sulciaspaude-presas-lan-10\/","og_locale":"en_US","og_type":"article","og_title":"[:lt]Rankin\u0117 sul\u010diaspaud\u0117 - presas LAN-10[:] - MOTOBLOKAI IR MINITRAKTORIAI","og_description":"Rankin\u0117 sul\u010diaspaud\u0117 LAN-10 skirta i\u0161spausti sultims i\u0161 \u012fvairi\u0173 vaisi\u0173, uog\u0173 ir dar\u017eovi\u0173. \u012erengimas gali b\u016bti naudojamas ne tik sodo, bet ir \u017eem\u0117s \u016bkiuose. Sul\u010diaspaud\u0119 sudaro perforuotas korpusas, sraigtinis presas ir l\u0117k\u0161t\u0117. Svarbu, kad visos kontaktuojan\u010dios su spaud\u017eiamu produktu dalys yra pagamintos, maisto gamybos \u012frangai skirto ner\u016bdijan\u010dio plieno. Kalb\u0117dami apie sul\u010diaspaud\u0117s LAN privalumus, norime akcentuoti jos&hellip;","og_url":"https:\/\/zubr.lt\/en\/produktas\/rankine-sulciaspaude-presas-lan-10\/","og_site_name":"MOTOBLOKAI IR MINITRAKTORIAI","article_modified_time":"2026-01-13T09:57:59+00:00","og_image":[{"width":800,"height":800,"url":"https:\/\/zubr.lt\/wp-content\/uploads\/2025\/02\/rankine-sulciaspaude-presas-lan-10-6-1.jpg","type":"image\/jpeg"}],"twitter_card":"summary_large_image","schema":{"@context":"https:\/\/schema.org","@graph":[{"@type":"WebPage","@id":"https:\/\/zubr.lt\/produktas\/rankine-sulciaspaude-presas-lan-10\/","url":"https:\/\/zubr.lt\/produktas\/rankine-sulciaspaude-presas-lan-10\/","name":"Rankin\u0117 sul\u010diaspaud\u0117 - presas LAN-10","isPartOf":{"@id":"https:\/\/zubr.lt\/#website"},"primaryImageOfPage":{"@id":"https:\/\/zubr.lt\/produktas\/rankine-sulciaspaude-presas-lan-10\/#primaryimage"},"image":{"@id":"https:\/\/zubr.lt\/produktas\/rankine-sulciaspaude-presas-lan-10\/#primaryimage"},"thumbnailUrl":"https:\/\/zubr.lt\/wp-content\/uploads\/2025\/02\/rankine-sulciaspaude-presas-lan-10-6-1.jpg","datePublished":"2025-02-05T10:39:41+00:00","dateModified":"2026-01-13T09:57:59+00:00","breadcrumb":{"@id":"https:\/\/zubr.lt\/produktas\/rankine-sulciaspaude-presas-lan-10\/#breadcrumb"},"inLanguage":"en-US","potentialAction":[{"@type":"ReadAction","target":["https:\/\/zubr.lt\/produktas\/rankine-sulciaspaude-presas-lan-10\/"]}]},{"@type":"ImageObject","inLanguage":"en-US","@id":"https:\/\/zubr.lt\/produktas\/rankine-sulciaspaude-presas-lan-10\/#primaryimage","url":"https:\/\/zubr.lt\/wp-content\/uploads\/2025\/02\/rankine-sulciaspaude-presas-lan-10-6-1.jpg","contentUrl":"https:\/\/zubr.lt\/wp-content\/uploads\/2025\/02\/rankine-sulciaspaude-presas-lan-10-6-1.jpg","width":800,"height":800},{"@type":"BreadcrumbList","@id":"https:\/\/zubr.lt\/produktas\/rankine-sulciaspaude-presas-lan-10\/#breadcrumb","itemListElement":[{"@type":"ListItem","position":1,"name":"Home","item":"https:\/\/zubr.lt\/"},{"@type":"ListItem","position":2,"name":"Produktai","item":"https:\/\/zubr.lt\/shop\/"},{"@type":"ListItem","position":3,"name":"Rankin\u0117 sul\u010diaspaud\u0117 &#8211; presas LAN-10"}]},{"@type":"WebSite","@id":"https:\/\/zubr.lt\/#website","url":"https:\/\/zubr.lt\/","name":"MOTOBLOKAI IR MINITRAKTORIAI","description":"pardavimas, remontas","potentialAction":[{"@type":"SearchAction","target":{"@type":"EntryPoint","urlTemplate":"https:\/\/zubr.lt\/?s={search_term_string}"},"query-input":{"@type":"PropertyValueSpecification","valueRequired":true,"valueName":"search_term_string"}}],"inLanguage":"en-US"}]}},"_links":{"self":[{"href":"https:\/\/zubr.lt\/en\/wp-json\/wp\/v2\/product\/43018","targetHints":{"allow":["GET"]}}],"collection":[{"href":"https:\/\/zubr.lt\/en\/wp-json\/wp\/v2\/product"}],"about":[{"href":"https:\/\/zubr.lt\/en\/wp-json\/wp\/v2\/types\/product"}],"replies":[{"embeddable":true,"href":"https:\/\/zubr.lt\/en\/wp-json\/wp\/v2\/comments?post=43018"}],"wp:featuredmedia":[{"embeddable":true,"href":"https:\/\/zubr.lt\/en\/wp-json\/wp\/v2\/media\/43022"}],"wp:attachment":[{"href":"https:\/\/zubr.lt\/en\/wp-json\/wp\/v2\/media?parent=43018"}],"wp:term":[{"taxonomy":"product_brand","embeddable":true,"href":"https:\/\/zubr.lt\/en\/wp-json\/wp\/v2\/product_brand?post=43018"},{"taxonomy":"product_cat","embeddable":true,"href":"https:\/\/zubr.lt\/en\/wp-json\/wp\/v2\/product_cat?post=43018"},{"taxonomy":"product_tag","embeddable":true,"href":"https:\/\/zubr.lt\/en\/wp-json\/wp\/v2\/product_tag?post=43018"}],"curies":[{"name":"wp","href":"https:\/\/api.w.org\/{rel}","templated":true}]}}