{"id":43295,"date":"2025-05-05T10:48:15","date_gmt":"2025-05-05T12:48:15","guid":{"rendered":"https:\/\/zubr.lt\/?post_type=product&#038;p=43295"},"modified":"2026-04-16T06:34:06","modified_gmt":"2026-04-16T08:34:06","slug":"sakniavaisiu-smulkintuvas-lan-4","status":"publish","type":"product","link":"https:\/\/zubr.lt\/en\/produktas\/sakniavaisiu-smulkintuvas-lan-4\/","title":{"rendered":"\u0160akniavaisi\u0173 smulkintuvas LAN 4"},"content":{"rendered":"<p>Elektrinis \u0161akniavaisi\u0173 smulkintuvas  &#8220;LAN&#8221; 4 (pa\u0161ar\u0173 pjaustykl\u0117) skirtas \u0161akniavaisi\u0173 smulkinti: burok\u0117liai, moli\u016bgai, cukinijos ir kt., Skirti namini\u0173 gyv\u016bn\u0173 ir namini\u0173 pauk\u0161\u010di\u0173 pa\u0161arams ruo\u0161ti.<br \/>\nNa\u0161umas, smulkinant \u0161akniavaisius (kg\/val.), iki: 340<br \/>\nMaitinimo \u012ftampa (V): 230V (250V)<br \/>\nElektros tinklo da\u017enis (Hz): 50<br \/>\nNaudojamas galingumas (W): 140<br \/>\nVariklio tipas: Asinchroninis<br \/>\nDarbo re\u017eimas: Ilgalaikis<br \/>\nApsuk\u0173 da\u017enis (per min.): 1400<br \/>\nSvoris netto (kg), ne daugiau: 15<br \/>\nGarantija (m\u0117n): 12<br \/>\n<iframe loading=\"lazy\" title=\"\u041a\u043e\u0440\u043c\u043e\u0440\u0456\u0437\u043a\u0430 \u041b\u0410\u041d 4 &quot;\u0420\u0430\u043a\u0435\u0442\u0430&quot; \u0435\u043b\u0435\u043a\u0442\u0440\u0438\u0447\u043d\u0430, \u0437\u0430\u0432\u043e\u0434 \u0421\u043e\u0432\u0435\u043a \u0412\u0456\u043d\u043d\u0438\u0446\u044f\" width=\"1200\" height=\"675\" src=\"https:\/\/www.youtube.com\/embed\/Aedig9QRmzk?feature=oembed\" frameborder=\"0\" allow=\"accelerometer; autoplay; clipboard-write; encrypted-media; gyroscope; picture-in-picture; web-share\" referrerpolicy=\"strict-origin-when-cross-origin\" allowfullscreen><\/iframe><\/p>\n","protected":false},"excerpt":{"rendered":"<p>Elektrinis \u0161akniavaisi\u0173 smulkintuvas &#8220;LAN&#8221; 4 (pa\u0161ar\u0173 pjaustykl\u0117) skirtas \u0161akniavaisi\u0173 smulkinti: burok\u0117liai, moli\u016bgai, cukinijos ir kt., Skirti namini\u0173 gyv\u016bn\u0173 ir namini\u0173 pauk\u0161\u010di\u0173 pa\u0161arams ruo\u0161ti. Na\u0161umas, smulkinant \u0161akniavaisius (kg\/val.), iki: 340 Maitinimo \u012ftampa (V): 230V (250V) Elektros tinklo da\u017enis (Hz): 50 Naudojamas galingumas (W): 140 Variklio tipas: Asinchroninis Darbo re\u017eimas: Ilgalaikis Apsuk\u0173 da\u017enis (per min.): 1400 Svoris&hellip;<\/p>\n","protected":false},"featured_media":43298,"comment_status":"open","ping_status":"closed","template":"","meta":[],"product_brand":[],"product_cat":[259],"product_tag":[],"class_list":{"0":"post-43295","1":"product","2":"type-product","3":"status-publish","4":"has-post-thumbnail","6":"product_cat-grudu-malunai-traiskytuvai","7":"description-off","9":"first","10":"instock","11":"shipping-taxable","12":"purchasable","13":"product-type-simple"},"yoast_head":"<!-- This site is optimized with the Yoast SEO plugin v26.7 - https:\/\/yoast.com\/wordpress\/plugins\/seo\/ -->\n<title>\u0160akniavaisi\u0173 smulkintuvas LAN 4<\/title>\n<meta name=\"robots\" content=\"index, follow, max-snippet:-1, max-image-preview:large, max-video-preview:-1\" \/>\n<link rel=\"canonical\" href=\"https:\/\/zubr.lt\/en\/produktas\/sakniavaisiu-smulkintuvas-lan-4\/\" \/>\n<meta property=\"og:locale\" content=\"en_US\" \/>\n<meta property=\"og:locale:alternate\" content=\"lt_LT\" \/>\n<meta property=\"og:locale:alternate\" content=\"ru_RU\" \/>\n<meta property=\"og:type\" content=\"article\" \/>\n<meta property=\"og:title\" content=\"\u0160akniavaisi\u0173 smulkintuvas LAN 4\" \/>\n<meta property=\"og:description\" content=\"Elektrinis \u0161akniavaisi\u0173 smulkintuvas &#8220;LAN&#8221; 4 (pa\u0161ar\u0173 pjaustykl\u0117) skirtas \u0161akniavaisi\u0173 smulkinti: burok\u0117liai, moli\u016bgai, cukinijos ir kt., Skirti namini\u0173 gyv\u016bn\u0173 ir namini\u0173 pauk\u0161\u010di\u0173 pa\u0161arams ruo\u0161ti. Na\u0161umas, smulkinant \u0161akniavaisius (kg\/val.), iki: 340 Maitinimo \u012ftampa (V): 230V (250V) Elektros tinklo da\u017enis (Hz): 50 Naudojamas galingumas (W): 140 Variklio tipas: Asinchroninis Darbo re\u017eimas: Ilgalaikis Apsuk\u0173 da\u017enis (per min.): 1400 Svoris&hellip;\" \/>\n<meta property=\"og:url\" content=\"https:\/\/zubr.lt\/en\/produktas\/sakniavaisiu-smulkintuvas-lan-4\/\" \/>\n<meta property=\"og:site_name\" content=\"MOTOBLOKAI IR MINITRAKTORIAI\" \/>\n<meta property=\"article:modified_time\" content=\"2026-04-16T08:34:06+00:00\" \/>\n<meta property=\"og:image\" content=\"https:\/\/zubr.lt\/wp-content\/uploads\/2025\/05\/230v-sakniavaisiu-smulkintuvas-lan-4-6-1.jpg\" \/>\n\t<meta property=\"og:image:width\" content=\"648\" \/>\n\t<meta property=\"og:image:height\" content=\"648\" \/>\n\t<meta property=\"og:image:type\" content=\"image\/jpeg\" \/>\n<meta name=\"twitter:card\" content=\"summary_large_image\" \/>\n<script type=\"application\/ld+json\" class=\"yoast-schema-graph\">{\"@context\":\"https:\/\/schema.org\",\"@graph\":[{\"@type\":\"WebPage\",\"@id\":\"https:\/\/zubr.lt\/produktas\/sakniavaisiu-smulkintuvas-lan-4\/\",\"url\":\"https:\/\/zubr.lt\/produktas\/sakniavaisiu-smulkintuvas-lan-4\/\",\"name\":\"\u0160akniavaisi\u0173 smulkintuvas LAN 4\",\"isPartOf\":{\"@id\":\"https:\/\/zubr.lt\/#website\"},\"primaryImageOfPage\":{\"@id\":\"https:\/\/zubr.lt\/produktas\/sakniavaisiu-smulkintuvas-lan-4\/#primaryimage\"},\"image\":{\"@id\":\"https:\/\/zubr.lt\/produktas\/sakniavaisiu-smulkintuvas-lan-4\/#primaryimage\"},\"thumbnailUrl\":\"https:\/\/zubr.lt\/wp-content\/uploads\/2025\/05\/230v-sakniavaisiu-smulkintuvas-lan-4-6-1.jpg\",\"datePublished\":\"2025-05-05T12:48:15+00:00\",\"dateModified\":\"2026-04-16T08:34:06+00:00\",\"breadcrumb\":{\"@id\":\"https:\/\/zubr.lt\/produktas\/sakniavaisiu-smulkintuvas-lan-4\/#breadcrumb\"},\"inLanguage\":\"en-US\",\"potentialAction\":[{\"@type\":\"ReadAction\",\"target\":[\"https:\/\/zubr.lt\/produktas\/sakniavaisiu-smulkintuvas-lan-4\/\"]}]},{\"@type\":\"ImageObject\",\"inLanguage\":\"en-US\",\"@id\":\"https:\/\/zubr.lt\/produktas\/sakniavaisiu-smulkintuvas-lan-4\/#primaryimage\",\"url\":\"https:\/\/zubr.lt\/wp-content\/uploads\/2025\/05\/230v-sakniavaisiu-smulkintuvas-lan-4-6-1.jpg\",\"contentUrl\":\"https:\/\/zubr.lt\/wp-content\/uploads\/2025\/05\/230v-sakniavaisiu-smulkintuvas-lan-4-6-1.jpg\",\"width\":648,\"height\":648},{\"@type\":\"BreadcrumbList\",\"@id\":\"https:\/\/zubr.lt\/produktas\/sakniavaisiu-smulkintuvas-lan-4\/#breadcrumb\",\"itemListElement\":[{\"@type\":\"ListItem\",\"position\":1,\"name\":\"Home\",\"item\":\"https:\/\/zubr.lt\/\"},{\"@type\":\"ListItem\",\"position\":2,\"name\":\"Produktai\",\"item\":\"https:\/\/zubr.lt\/shop\/\"},{\"@type\":\"ListItem\",\"position\":3,\"name\":\"\u0160akniavaisi\u0173 smulkintuvas LAN 4\"}]},{\"@type\":\"WebSite\",\"@id\":\"https:\/\/zubr.lt\/#website\",\"url\":\"https:\/\/zubr.lt\/\",\"name\":\"MOTOBLOKAI IR MINITRAKTORIAI\",\"description\":\"pardavimas, remontas\",\"potentialAction\":[{\"@type\":\"SearchAction\",\"target\":{\"@type\":\"EntryPoint\",\"urlTemplate\":\"https:\/\/zubr.lt\/?s={search_term_string}\"},\"query-input\":{\"@type\":\"PropertyValueSpecification\",\"valueRequired\":true,\"valueName\":\"search_term_string\"}}],\"inLanguage\":\"en-US\"}]}<\/script>\n<!-- \/ Yoast SEO plugin. -->","yoast_head_json":{"title":"\u0160akniavaisi\u0173 smulkintuvas LAN 4","robots":{"index":"index","follow":"follow","max-snippet":"max-snippet:-1","max-image-preview":"max-image-preview:large","max-video-preview":"max-video-preview:-1"},"canonical":"https:\/\/zubr.lt\/en\/produktas\/sakniavaisiu-smulkintuvas-lan-4\/","og_locale":"en_US","og_type":"article","og_title":"[:lt]\u0160akniavaisi\u0173 smulkintuvas LAN 4[:] - MOTOBLOKAI IR MINITRAKTORIAI","og_description":"Elektrinis \u0161akniavaisi\u0173 smulkintuvas &#8220;LAN&#8221; 4 (pa\u0161ar\u0173 pjaustykl\u0117) skirtas \u0161akniavaisi\u0173 smulkinti: burok\u0117liai, moli\u016bgai, cukinijos ir kt., Skirti namini\u0173 gyv\u016bn\u0173 ir namini\u0173 pauk\u0161\u010di\u0173 pa\u0161arams ruo\u0161ti. Na\u0161umas, smulkinant \u0161akniavaisius (kg\/val.), iki: 340 Maitinimo \u012ftampa (V): 230V (250V) Elektros tinklo da\u017enis (Hz): 50 Naudojamas galingumas (W): 140 Variklio tipas: Asinchroninis Darbo re\u017eimas: Ilgalaikis Apsuk\u0173 da\u017enis (per min.): 1400 Svoris&hellip;","og_url":"https:\/\/zubr.lt\/en\/produktas\/sakniavaisiu-smulkintuvas-lan-4\/","og_site_name":"MOTOBLOKAI IR MINITRAKTORIAI","article_modified_time":"2026-04-16T08:34:06+00:00","og_image":[{"width":648,"height":648,"url":"https:\/\/zubr.lt\/wp-content\/uploads\/2025\/05\/230v-sakniavaisiu-smulkintuvas-lan-4-6-1.jpg","type":"image\/jpeg"}],"twitter_card":"summary_large_image","schema":{"@context":"https:\/\/schema.org","@graph":[{"@type":"WebPage","@id":"https:\/\/zubr.lt\/produktas\/sakniavaisiu-smulkintuvas-lan-4\/","url":"https:\/\/zubr.lt\/produktas\/sakniavaisiu-smulkintuvas-lan-4\/","name":"\u0160akniavaisi\u0173 smulkintuvas LAN 4","isPartOf":{"@id":"https:\/\/zubr.lt\/#website"},"primaryImageOfPage":{"@id":"https:\/\/zubr.lt\/produktas\/sakniavaisiu-smulkintuvas-lan-4\/#primaryimage"},"image":{"@id":"https:\/\/zubr.lt\/produktas\/sakniavaisiu-smulkintuvas-lan-4\/#primaryimage"},"thumbnailUrl":"https:\/\/zubr.lt\/wp-content\/uploads\/2025\/05\/230v-sakniavaisiu-smulkintuvas-lan-4-6-1.jpg","datePublished":"2025-05-05T12:48:15+00:00","dateModified":"2026-04-16T08:34:06+00:00","breadcrumb":{"@id":"https:\/\/zubr.lt\/produktas\/sakniavaisiu-smulkintuvas-lan-4\/#breadcrumb"},"inLanguage":"en-US","potentialAction":[{"@type":"ReadAction","target":["https:\/\/zubr.lt\/produktas\/sakniavaisiu-smulkintuvas-lan-4\/"]}]},{"@type":"ImageObject","inLanguage":"en-US","@id":"https:\/\/zubr.lt\/produktas\/sakniavaisiu-smulkintuvas-lan-4\/#primaryimage","url":"https:\/\/zubr.lt\/wp-content\/uploads\/2025\/05\/230v-sakniavaisiu-smulkintuvas-lan-4-6-1.jpg","contentUrl":"https:\/\/zubr.lt\/wp-content\/uploads\/2025\/05\/230v-sakniavaisiu-smulkintuvas-lan-4-6-1.jpg","width":648,"height":648},{"@type":"BreadcrumbList","@id":"https:\/\/zubr.lt\/produktas\/sakniavaisiu-smulkintuvas-lan-4\/#breadcrumb","itemListElement":[{"@type":"ListItem","position":1,"name":"Home","item":"https:\/\/zubr.lt\/"},{"@type":"ListItem","position":2,"name":"Produktai","item":"https:\/\/zubr.lt\/shop\/"},{"@type":"ListItem","position":3,"name":"\u0160akniavaisi\u0173 smulkintuvas LAN 4"}]},{"@type":"WebSite","@id":"https:\/\/zubr.lt\/#website","url":"https:\/\/zubr.lt\/","name":"MOTOBLOKAI IR MINITRAKTORIAI","description":"pardavimas, remontas","potentialAction":[{"@type":"SearchAction","target":{"@type":"EntryPoint","urlTemplate":"https:\/\/zubr.lt\/?s={search_term_string}"},"query-input":{"@type":"PropertyValueSpecification","valueRequired":true,"valueName":"search_term_string"}}],"inLanguage":"en-US"}]}},"_links":{"self":[{"href":"https:\/\/zubr.lt\/en\/wp-json\/wp\/v2\/product\/43295","targetHints":{"allow":["GET"]}}],"collection":[{"href":"https:\/\/zubr.lt\/en\/wp-json\/wp\/v2\/product"}],"about":[{"href":"https:\/\/zubr.lt\/en\/wp-json\/wp\/v2\/types\/product"}],"replies":[{"embeddable":true,"href":"https:\/\/zubr.lt\/en\/wp-json\/wp\/v2\/comments?post=43295"}],"wp:featuredmedia":[{"embeddable":true,"href":"https:\/\/zubr.lt\/en\/wp-json\/wp\/v2\/media\/43298"}],"wp:attachment":[{"href":"https:\/\/zubr.lt\/en\/wp-json\/wp\/v2\/media?parent=43295"}],"wp:term":[{"taxonomy":"product_brand","embeddable":true,"href":"https:\/\/zubr.lt\/en\/wp-json\/wp\/v2\/product_brand?post=43295"},{"taxonomy":"product_cat","embeddable":true,"href":"https:\/\/zubr.lt\/en\/wp-json\/wp\/v2\/product_cat?post=43295"},{"taxonomy":"product_tag","embeddable":true,"href":"https:\/\/zubr.lt\/en\/wp-json\/wp\/v2\/product_tag?post=43295"}],"curies":[{"name":"wp","href":"https:\/\/api.w.org\/{rel}","templated":true}]}}