{"id":43590,"date":"2026-04-07T07:40:43","date_gmt":"2026-04-07T09:40:43","guid":{"rendered":"https:\/\/zubr.lt\/?post_type=product&#038;p=43590"},"modified":"2026-04-07T07:40:43","modified_gmt":"2026-04-07T09:40:43","slug":"kultivavimo-freza-pjaustykle","status":"publish","type":"product","link":"https:\/\/zubr.lt\/en\/produktas\/kultivavimo-freza-pjaustykle\/","title":{"rendered":"Kultivavimo freza &#8211; pjaustykl\u0117"},"content":{"rendered":"<p>Ilgis 470mm + 470mm<br \/>\nA\u0161is apvali 30,5mm<br \/>\nSkersmuo 410 mm<br \/>\nSvoris 20 kg<br \/>\nKomplekt\u0105 sudaro 2vnt<\/p>\n","protected":false},"excerpt":{"rendered":"<p>Ilgis 470mm + 470mm A\u0161is apvali 30,5mm Skersmuo 410 mm Svoris 20 kg Komplekt\u0105 sudaro 2vnt<\/p>\n","protected":false},"featured_media":43591,"comment_status":"open","ping_status":"closed","template":"","meta":[],"product_brand":[],"product_cat":[262,173],"product_tag":[],"class_list":{"0":"post-43590","1":"product","2":"type-product","3":"status-publish","4":"has-post-thumbnail","6":"product_cat-universalus-priedai","7":"product_cat-plugai","8":"description-off","10":"first","11":"instock","12":"sale","13":"shipping-taxable","14":"purchasable","15":"product-type-simple"},"yoast_head":"<!-- This site is optimized with the Yoast SEO plugin v26.7 - https:\/\/yoast.com\/wordpress\/plugins\/seo\/ -->\n<title>Kultivavimo freza - pjaustykl\u0117<\/title>\n<meta name=\"robots\" content=\"index, follow, max-snippet:-1, max-image-preview:large, max-video-preview:-1\" \/>\n<link rel=\"canonical\" href=\"https:\/\/zubr.lt\/en\/produktas\/kultivavimo-freza-pjaustykle\/\" \/>\n<meta property=\"og:locale\" content=\"en_US\" \/>\n<meta property=\"og:locale:alternate\" content=\"lt_LT\" \/>\n<meta property=\"og:locale:alternate\" content=\"ru_RU\" \/>\n<meta property=\"og:type\" content=\"article\" \/>\n<meta property=\"og:title\" content=\"Kultivavimo freza - pjaustykl\u0117\" \/>\n<meta property=\"og:description\" content=\"Ilgis 470mm + 470mm A\u0161is apvali 30,5mm Skersmuo 410 mm Svoris 20 kg Komplekt\u0105 sudaro 2vnt\" \/>\n<meta property=\"og:url\" content=\"https:\/\/zubr.lt\/en\/produktas\/kultivavimo-freza-pjaustykle\/\" \/>\n<meta property=\"og:site_name\" content=\"MOTOBLOKAI IR MINITRAKTORIAI\" \/>\n<meta property=\"og:image\" content=\"https:\/\/zubr.lt\/wp-content\/uploads\/2019\/10\/MOTOBLOKAI-1024x538.png\" \/>\n\t<meta property=\"og:image:width\" content=\"1024\" \/>\n\t<meta property=\"og:image:height\" content=\"538\" \/>\n\t<meta property=\"og:image:type\" content=\"image\/png\" \/>\n<meta name=\"twitter:card\" content=\"summary_large_image\" \/>\n<meta name=\"twitter:label1\" content=\"Est. reading time\" \/>\n\t<meta name=\"twitter:data1\" content=\"1 minute\" \/>\n<script type=\"application\/ld+json\" class=\"yoast-schema-graph\">{\"@context\":\"https:\/\/schema.org\",\"@graph\":[{\"@type\":\"WebPage\",\"@id\":\"https:\/\/zubr.lt\/produktas\/kultivavimo-freza-pjaustykle\/\",\"url\":\"https:\/\/zubr.lt\/produktas\/kultivavimo-freza-pjaustykle\/\",\"name\":\"Kultivavimo freza - pjaustykl\u0117\",\"isPartOf\":{\"@id\":\"https:\/\/zubr.lt\/#website\"},\"primaryImageOfPage\":{\"@id\":\"https:\/\/zubr.lt\/produktas\/kultivavimo-freza-pjaustykle\/#primaryimage\"},\"image\":{\"@id\":\"https:\/\/zubr.lt\/produktas\/kultivavimo-freza-pjaustykle\/#primaryimage\"},\"thumbnailUrl\":\"https:\/\/zubr.lt\/wp-content\/uploads\/2026\/04\/freza-kultivatorius-pjaustykle-s32-mm-fr6-kompletas-dvi-sekcijos-ilgis-1000mm-kopija-1.jpg\",\"datePublished\":\"2026-04-07T09:40:43+00:00\",\"breadcrumb\":{\"@id\":\"https:\/\/zubr.lt\/produktas\/kultivavimo-freza-pjaustykle\/#breadcrumb\"},\"inLanguage\":\"en-US\",\"potentialAction\":[{\"@type\":\"ReadAction\",\"target\":[\"https:\/\/zubr.lt\/produktas\/kultivavimo-freza-pjaustykle\/\"]}]},{\"@type\":\"ImageObject\",\"inLanguage\":\"en-US\",\"@id\":\"https:\/\/zubr.lt\/produktas\/kultivavimo-freza-pjaustykle\/#primaryimage\",\"url\":\"https:\/\/zubr.lt\/wp-content\/uploads\/2026\/04\/freza-kultivatorius-pjaustykle-s32-mm-fr6-kompletas-dvi-sekcijos-ilgis-1000mm-kopija-1.jpg\",\"contentUrl\":\"https:\/\/zubr.lt\/wp-content\/uploads\/2026\/04\/freza-kultivatorius-pjaustykle-s32-mm-fr6-kompletas-dvi-sekcijos-ilgis-1000mm-kopija-1.jpg\",\"width\":1000,\"height\":1000},{\"@type\":\"BreadcrumbList\",\"@id\":\"https:\/\/zubr.lt\/produktas\/kultivavimo-freza-pjaustykle\/#breadcrumb\",\"itemListElement\":[{\"@type\":\"ListItem\",\"position\":1,\"name\":\"Home\",\"item\":\"https:\/\/zubr.lt\/\"},{\"@type\":\"ListItem\",\"position\":2,\"name\":\"Produktai\",\"item\":\"https:\/\/zubr.lt\/shop\/\"},{\"@type\":\"ListItem\",\"position\":3,\"name\":\"Kultivavimo freza &#8211; pjaustykl\u0117\"}]},{\"@type\":\"WebSite\",\"@id\":\"https:\/\/zubr.lt\/#website\",\"url\":\"https:\/\/zubr.lt\/\",\"name\":\"MOTOBLOKAI IR MINITRAKTORIAI\",\"description\":\"pardavimas, remontas\",\"potentialAction\":[{\"@type\":\"SearchAction\",\"target\":{\"@type\":\"EntryPoint\",\"urlTemplate\":\"https:\/\/zubr.lt\/?s={search_term_string}\"},\"query-input\":{\"@type\":\"PropertyValueSpecification\",\"valueRequired\":true,\"valueName\":\"search_term_string\"}}],\"inLanguage\":\"en-US\"}]}<\/script>\n<!-- \/ Yoast SEO plugin. -->","yoast_head_json":{"title":"Kultivavimo freza - pjaustykl\u0117","robots":{"index":"index","follow":"follow","max-snippet":"max-snippet:-1","max-image-preview":"max-image-preview:large","max-video-preview":"max-video-preview:-1"},"canonical":"https:\/\/zubr.lt\/en\/produktas\/kultivavimo-freza-pjaustykle\/","og_locale":"en_US","og_type":"article","og_title":"[:lt]Kultivavimo freza - pjaustykl\u0117[:] - MOTOBLOKAI IR MINITRAKTORIAI","og_description":"Ilgis 470mm + 470mm A\u0161is apvali 30,5mm Skersmuo 410 mm Svoris 20 kg Komplekt\u0105 sudaro 2vnt","og_url":"https:\/\/zubr.lt\/en\/produktas\/kultivavimo-freza-pjaustykle\/","og_site_name":"MOTOBLOKAI IR MINITRAKTORIAI","og_image":[{"width":1024,"height":538,"url":"https:\/\/zubr.lt\/wp-content\/uploads\/2019\/10\/MOTOBLOKAI-1024x538.png","type":"image\/png"}],"twitter_card":"summary_large_image","twitter_misc":{"Est. reading time":"1 minute"},"schema":{"@context":"https:\/\/schema.org","@graph":[{"@type":"WebPage","@id":"https:\/\/zubr.lt\/produktas\/kultivavimo-freza-pjaustykle\/","url":"https:\/\/zubr.lt\/produktas\/kultivavimo-freza-pjaustykle\/","name":"Kultivavimo freza - pjaustykl\u0117","isPartOf":{"@id":"https:\/\/zubr.lt\/#website"},"primaryImageOfPage":{"@id":"https:\/\/zubr.lt\/produktas\/kultivavimo-freza-pjaustykle\/#primaryimage"},"image":{"@id":"https:\/\/zubr.lt\/produktas\/kultivavimo-freza-pjaustykle\/#primaryimage"},"thumbnailUrl":"https:\/\/zubr.lt\/wp-content\/uploads\/2026\/04\/freza-kultivatorius-pjaustykle-s32-mm-fr6-kompletas-dvi-sekcijos-ilgis-1000mm-kopija-1.jpg","datePublished":"2026-04-07T09:40:43+00:00","breadcrumb":{"@id":"https:\/\/zubr.lt\/produktas\/kultivavimo-freza-pjaustykle\/#breadcrumb"},"inLanguage":"en-US","potentialAction":[{"@type":"ReadAction","target":["https:\/\/zubr.lt\/produktas\/kultivavimo-freza-pjaustykle\/"]}]},{"@type":"ImageObject","inLanguage":"en-US","@id":"https:\/\/zubr.lt\/produktas\/kultivavimo-freza-pjaustykle\/#primaryimage","url":"https:\/\/zubr.lt\/wp-content\/uploads\/2026\/04\/freza-kultivatorius-pjaustykle-s32-mm-fr6-kompletas-dvi-sekcijos-ilgis-1000mm-kopija-1.jpg","contentUrl":"https:\/\/zubr.lt\/wp-content\/uploads\/2026\/04\/freza-kultivatorius-pjaustykle-s32-mm-fr6-kompletas-dvi-sekcijos-ilgis-1000mm-kopija-1.jpg","width":1000,"height":1000},{"@type":"BreadcrumbList","@id":"https:\/\/zubr.lt\/produktas\/kultivavimo-freza-pjaustykle\/#breadcrumb","itemListElement":[{"@type":"ListItem","position":1,"name":"Home","item":"https:\/\/zubr.lt\/"},{"@type":"ListItem","position":2,"name":"Produktai","item":"https:\/\/zubr.lt\/shop\/"},{"@type":"ListItem","position":3,"name":"Kultivavimo freza &#8211; pjaustykl\u0117"}]},{"@type":"WebSite","@id":"https:\/\/zubr.lt\/#website","url":"https:\/\/zubr.lt\/","name":"MOTOBLOKAI IR MINITRAKTORIAI","description":"pardavimas, remontas","potentialAction":[{"@type":"SearchAction","target":{"@type":"EntryPoint","urlTemplate":"https:\/\/zubr.lt\/?s={search_term_string}"},"query-input":{"@type":"PropertyValueSpecification","valueRequired":true,"valueName":"search_term_string"}}],"inLanguage":"en-US"}]}},"_links":{"self":[{"href":"https:\/\/zubr.lt\/en\/wp-json\/wp\/v2\/product\/43590","targetHints":{"allow":["GET"]}}],"collection":[{"href":"https:\/\/zubr.lt\/en\/wp-json\/wp\/v2\/product"}],"about":[{"href":"https:\/\/zubr.lt\/en\/wp-json\/wp\/v2\/types\/product"}],"replies":[{"embeddable":true,"href":"https:\/\/zubr.lt\/en\/wp-json\/wp\/v2\/comments?post=43590"}],"wp:featuredmedia":[{"embeddable":true,"href":"https:\/\/zubr.lt\/en\/wp-json\/wp\/v2\/media\/43591"}],"wp:attachment":[{"href":"https:\/\/zubr.lt\/en\/wp-json\/wp\/v2\/media?parent=43590"}],"wp:term":[{"taxonomy":"product_brand","embeddable":true,"href":"https:\/\/zubr.lt\/en\/wp-json\/wp\/v2\/product_brand?post=43590"},{"taxonomy":"product_cat","embeddable":true,"href":"https:\/\/zubr.lt\/en\/wp-json\/wp\/v2\/product_cat?post=43590"},{"taxonomy":"product_tag","embeddable":true,"href":"https:\/\/zubr.lt\/en\/wp-json\/wp\/v2\/product_tag?post=43590"}],"curies":[{"name":"wp","href":"https:\/\/api.w.org\/{rel}","templated":true}]}}