{"id":41917,"date":"2023-08-21T08:56:19","date_gmt":"2023-08-21T10:56:19","guid":{"rendered":"https:\/\/zubr.lt\/?post_type=product&#038;p=41917"},"modified":"2025-05-12T04:54:19","modified_gmt":"2025-05-12T06:54:19","slug":"uteho-autoklavas-juodo-metalo-che8","status":"publish","type":"product","link":"https:\/\/zubr.lt\/ru\/produktas\/uteho-autoklavas-juodo-metalo-che8\/","title":{"rendered":"Autoklavas juodo metalo CHE8"},"content":{"rendered":"<p>Specifikacijos<\/p>\n<p>Auk\u0161tis 44 cm<br \/>\nSkersmuo 32cm<br \/>\nKaklo skersmuo 15 cm<br \/>\nSvoris 10 kg<br \/>\nT\u016bris 15 l<br \/>\nTermometras 150C<br \/>\nDarbin\u0117 temperat\u016bra 110 C &#8212; 120 C<br \/>\nMaksimali temperat\u016bra 125 C<br \/>\nManometras 6 atm<br \/>\nDarbinis sl\u0117gis 3,5 atm<br \/>\nMaksimalus darbinis sl\u0117gis 6 atm<br \/>\nSienel\u0117s storis 2 mm<br \/>\nDugno storis 2 mm<br \/>\nKaklo ir dangtelio storis 6 mm<br \/>\n\u012ekaitinimas iki darbin\u0117s temperat\u016bros 50 min<br \/>\nTalpa:<\/p>\n<p>0,5l 8 vnt.<br \/>\n1l 7 vnt.<br \/>\n2l 0 vnt.<br \/>\n3l 0 vnt.<br \/>\nKorpuso med\u017eiaga: Juodas plienas<br \/>\n\u0160ildymo b\u016bdas: Dujos (ant atviros ugnies)<br \/>\nMinimali \u012fkrova: Nuo 1 stiklainio ir daugiau<br \/>\nDanga: Miltelin\u0117 danga (atspari kar\u0161\u010diui)<br \/>\n<iframe loading=\"lazy\" title=\"\u041a\u0423\u0420\u0418\u0426\u0410 \u0412 \u0410\u0412\u0422\u041e\u041a\u041b\u0410\u0412\u0415 \u0432 \u0441\u043e\u0431\u0441\u0442\u0432\u0435\u043d\u043d\u043e\u043c \u0441\u043e\u043a\u0443 | \u0411\u044b\u0441\u0442\u0440\u043e \u0438 \u0412\u043a\u0443\u0441\u043d\u043e \ud83d\udc4d\" width=\"1200\" height=\"675\" src=\"https:\/\/www.youtube.com\/embed\/QyrGPqAOtbE?feature=oembed\" frameborder=\"0\" allow=\"accelerometer; autoplay; clipboard-write; encrypted-media; gyroscope; picture-in-picture; web-share\" allowfullscreen><\/iframe><\/p>\n","protected":false},"excerpt":{"rendered":"<p>Specifikacijos Auk\u0161tis 44 cm Skersmuo 32cm Kaklo skersmuo 15 cm Svoris 10 kg T\u016bris 15 l Termometras 150C Darbin\u0117 temperat\u016bra 110 C &#8212; 120 C Maksimali temperat\u016bra 125 C Manometras 6 atm Darbinis sl\u0117gis 3,5 atm Maksimalus darbinis sl\u0117gis 6 atm Sienel\u0117s storis 2 mm Dugno storis 2 mm Kaklo ir dangtelio storis 6 mm&hellip;<\/p>\n","protected":false},"featured_media":41915,"comment_status":"open","ping_status":"closed","template":"","meta":[],"product_brand":[],"product_cat":[222],"product_tag":[],"class_list":{"0":"post-41917","1":"product","2":"type-product","3":"status-publish","4":"has-post-thumbnail","6":"product_cat-konservavimo-autoklavai","7":"description-off","9":"first","10":"instock","11":"shipping-taxable","12":"purchasable","13":"product-type-simple"},"yoast_head":"<!-- This site is optimized with the Yoast SEO plugin v26.7 - https:\/\/yoast.com\/wordpress\/plugins\/seo\/ -->\n<title>Autoklavas juodo metalo CHE8<\/title>\n<meta name=\"robots\" content=\"index, follow, max-snippet:-1, max-image-preview:large, max-video-preview:-1\" \/>\n<link rel=\"canonical\" href=\"https:\/\/zubr.lt\/ru\/produktas\/uteho-autoklavas-juodo-metalo-che8\/\" \/>\n<meta property=\"og:locale\" content=\"ru_RU\" \/>\n<meta property=\"og:locale:alternate\" content=\"lt_LT\" \/>\n<meta property=\"og:locale:alternate\" content=\"en_US\" \/>\n<meta property=\"og:type\" content=\"article\" \/>\n<meta property=\"og:title\" content=\"Autoklavas juodo metalo CHE8\" \/>\n<meta property=\"og:description\" content=\"Specifikacijos Auk\u0161tis 44 cm Skersmuo 32cm Kaklo skersmuo 15 cm Svoris 10 kg T\u016bris 15 l Termometras 150C Darbin\u0117 temperat\u016bra 110 C &#8212; 120 C Maksimali temperat\u016bra 125 C Manometras 6 atm Darbinis sl\u0117gis 3,5 atm Maksimalus darbinis sl\u0117gis 6 atm Sienel\u0117s storis 2 mm Dugno storis 2 mm Kaklo ir dangtelio storis 6 mm&hellip;\" \/>\n<meta property=\"og:url\" content=\"https:\/\/zubr.lt\/ru\/produktas\/uteho-autoklavas-juodo-metalo-che8\/\" \/>\n<meta property=\"og:site_name\" content=\"MOTOBLOKAI IR MINITRAKTORIAI\" \/>\n<meta property=\"article:modified_time\" content=\"2025-05-12T06:54:19+00:00\" \/>\n<meta property=\"og:image\" content=\"https:\/\/zubr.lt\/wp-content\/uploads\/2023\/08\/autoklavas-juodo-metalo-che8-kopija-1-1.jpg\" \/>\n\t<meta property=\"og:image:width\" content=\"1188\" \/>\n\t<meta property=\"og:image:height\" content=\"1188\" \/>\n\t<meta property=\"og:image:type\" content=\"image\/jpeg\" \/>\n<meta name=\"twitter:card\" content=\"summary_large_image\" \/>\n<script type=\"application\/ld+json\" class=\"yoast-schema-graph\">{\"@context\":\"https:\/\/schema.org\",\"@graph\":[{\"@type\":\"WebPage\",\"@id\":\"https:\/\/zubr.lt\/produktas\/uteho-autoklavas-juodo-metalo-che8\/\",\"url\":\"https:\/\/zubr.lt\/produktas\/uteho-autoklavas-juodo-metalo-che8\/\",\"name\":\"Autoklavas juodo metalo CHE8\",\"isPartOf\":{\"@id\":\"https:\/\/zubr.lt\/#website\"},\"primaryImageOfPage\":{\"@id\":\"https:\/\/zubr.lt\/produktas\/uteho-autoklavas-juodo-metalo-che8\/#primaryimage\"},\"image\":{\"@id\":\"https:\/\/zubr.lt\/produktas\/uteho-autoklavas-juodo-metalo-che8\/#primaryimage\"},\"thumbnailUrl\":\"https:\/\/zubr.lt\/wp-content\/uploads\/2023\/08\/autoklavas-juodo-metalo-che8-kopija-1-1.jpg\",\"datePublished\":\"2023-08-21T10:56:19+00:00\",\"dateModified\":\"2025-05-12T06:54:19+00:00\",\"breadcrumb\":{\"@id\":\"https:\/\/zubr.lt\/produktas\/uteho-autoklavas-juodo-metalo-che8\/#breadcrumb\"},\"inLanguage\":\"ru-RU\",\"potentialAction\":[{\"@type\":\"ReadAction\",\"target\":[\"https:\/\/zubr.lt\/produktas\/uteho-autoklavas-juodo-metalo-che8\/\"]}]},{\"@type\":\"ImageObject\",\"inLanguage\":\"ru-RU\",\"@id\":\"https:\/\/zubr.lt\/produktas\/uteho-autoklavas-juodo-metalo-che8\/#primaryimage\",\"url\":\"https:\/\/zubr.lt\/wp-content\/uploads\/2023\/08\/autoklavas-juodo-metalo-che8-kopija-1-1.jpg\",\"contentUrl\":\"https:\/\/zubr.lt\/wp-content\/uploads\/2023\/08\/autoklavas-juodo-metalo-che8-kopija-1-1.jpg\",\"width\":1188,\"height\":1188},{\"@type\":\"BreadcrumbList\",\"@id\":\"https:\/\/zubr.lt\/produktas\/uteho-autoklavas-juodo-metalo-che8\/#breadcrumb\",\"itemListElement\":[{\"@type\":\"ListItem\",\"position\":1,\"name\":\"Home\",\"item\":\"https:\/\/zubr.lt\/\"},{\"@type\":\"ListItem\",\"position\":2,\"name\":\"Produktai\",\"item\":\"https:\/\/zubr.lt\/shop\/\"},{\"@type\":\"ListItem\",\"position\":3,\"name\":\"Autoklavas juodo metalo CHE8\"}]},{\"@type\":\"WebSite\",\"@id\":\"https:\/\/zubr.lt\/#website\",\"url\":\"https:\/\/zubr.lt\/\",\"name\":\"MOTOBLOKAI IR MINITRAKTORIAI\",\"description\":\"pardavimas, remontas\",\"potentialAction\":[{\"@type\":\"SearchAction\",\"target\":{\"@type\":\"EntryPoint\",\"urlTemplate\":\"https:\/\/zubr.lt\/?s={search_term_string}\"},\"query-input\":{\"@type\":\"PropertyValueSpecification\",\"valueRequired\":true,\"valueName\":\"search_term_string\"}}],\"inLanguage\":\"ru-RU\"}]}<\/script>\n<!-- \/ Yoast SEO plugin. -->","yoast_head_json":{"title":"Autoklavas juodo metalo CHE8","robots":{"index":"index","follow":"follow","max-snippet":"max-snippet:-1","max-image-preview":"max-image-preview:large","max-video-preview":"max-video-preview:-1"},"canonical":"https:\/\/zubr.lt\/ru\/produktas\/uteho-autoklavas-juodo-metalo-che8\/","og_locale":"ru_RU","og_type":"article","og_title":"[:lt]Autoklavas juodo metalo CHE8[:] - MOTOBLOKAI IR MINITRAKTORIAI","og_description":"Specifikacijos Auk\u0161tis 44 cm Skersmuo 32cm Kaklo skersmuo 15 cm Svoris 10 kg T\u016bris 15 l Termometras 150C Darbin\u0117 temperat\u016bra 110 C &#8212; 120 C Maksimali temperat\u016bra 125 C Manometras 6 atm Darbinis sl\u0117gis 3,5 atm Maksimalus darbinis sl\u0117gis 6 atm Sienel\u0117s storis 2 mm Dugno storis 2 mm Kaklo ir dangtelio storis 6 mm&hellip;","og_url":"https:\/\/zubr.lt\/ru\/produktas\/uteho-autoklavas-juodo-metalo-che8\/","og_site_name":"MOTOBLOKAI IR MINITRAKTORIAI","article_modified_time":"2025-05-12T06:54:19+00:00","og_image":[{"width":1188,"height":1188,"url":"https:\/\/zubr.lt\/wp-content\/uploads\/2023\/08\/autoklavas-juodo-metalo-che8-kopija-1-1.jpg","type":"image\/jpeg"}],"twitter_card":"summary_large_image","schema":{"@context":"https:\/\/schema.org","@graph":[{"@type":"WebPage","@id":"https:\/\/zubr.lt\/produktas\/uteho-autoklavas-juodo-metalo-che8\/","url":"https:\/\/zubr.lt\/produktas\/uteho-autoklavas-juodo-metalo-che8\/","name":"Autoklavas juodo metalo CHE8","isPartOf":{"@id":"https:\/\/zubr.lt\/#website"},"primaryImageOfPage":{"@id":"https:\/\/zubr.lt\/produktas\/uteho-autoklavas-juodo-metalo-che8\/#primaryimage"},"image":{"@id":"https:\/\/zubr.lt\/produktas\/uteho-autoklavas-juodo-metalo-che8\/#primaryimage"},"thumbnailUrl":"https:\/\/zubr.lt\/wp-content\/uploads\/2023\/08\/autoklavas-juodo-metalo-che8-kopija-1-1.jpg","datePublished":"2023-08-21T10:56:19+00:00","dateModified":"2025-05-12T06:54:19+00:00","breadcrumb":{"@id":"https:\/\/zubr.lt\/produktas\/uteho-autoklavas-juodo-metalo-che8\/#breadcrumb"},"inLanguage":"ru-RU","potentialAction":[{"@type":"ReadAction","target":["https:\/\/zubr.lt\/produktas\/uteho-autoklavas-juodo-metalo-che8\/"]}]},{"@type":"ImageObject","inLanguage":"ru-RU","@id":"https:\/\/zubr.lt\/produktas\/uteho-autoklavas-juodo-metalo-che8\/#primaryimage","url":"https:\/\/zubr.lt\/wp-content\/uploads\/2023\/08\/autoklavas-juodo-metalo-che8-kopija-1-1.jpg","contentUrl":"https:\/\/zubr.lt\/wp-content\/uploads\/2023\/08\/autoklavas-juodo-metalo-che8-kopija-1-1.jpg","width":1188,"height":1188},{"@type":"BreadcrumbList","@id":"https:\/\/zubr.lt\/produktas\/uteho-autoklavas-juodo-metalo-che8\/#breadcrumb","itemListElement":[{"@type":"ListItem","position":1,"name":"Home","item":"https:\/\/zubr.lt\/"},{"@type":"ListItem","position":2,"name":"Produktai","item":"https:\/\/zubr.lt\/shop\/"},{"@type":"ListItem","position":3,"name":"Autoklavas juodo metalo CHE8"}]},{"@type":"WebSite","@id":"https:\/\/zubr.lt\/#website","url":"https:\/\/zubr.lt\/","name":"MOTOBLOKAI IR MINITRAKTORIAI","description":"pardavimas, remontas","potentialAction":[{"@type":"SearchAction","target":{"@type":"EntryPoint","urlTemplate":"https:\/\/zubr.lt\/?s={search_term_string}"},"query-input":{"@type":"PropertyValueSpecification","valueRequired":true,"valueName":"search_term_string"}}],"inLanguage":"ru-RU"}]}},"_links":{"self":[{"href":"https:\/\/zubr.lt\/ru\/wp-json\/wp\/v2\/product\/41917","targetHints":{"allow":["GET"]}}],"collection":[{"href":"https:\/\/zubr.lt\/ru\/wp-json\/wp\/v2\/product"}],"about":[{"href":"https:\/\/zubr.lt\/ru\/wp-json\/wp\/v2\/types\/product"}],"replies":[{"embeddable":true,"href":"https:\/\/zubr.lt\/ru\/wp-json\/wp\/v2\/comments?post=41917"}],"wp:featuredmedia":[{"embeddable":true,"href":"https:\/\/zubr.lt\/ru\/wp-json\/wp\/v2\/media\/41915"}],"wp:attachment":[{"href":"https:\/\/zubr.lt\/ru\/wp-json\/wp\/v2\/media?parent=41917"}],"wp:term":[{"taxonomy":"product_brand","embeddable":true,"href":"https:\/\/zubr.lt\/ru\/wp-json\/wp\/v2\/product_brand?post=41917"},{"taxonomy":"product_cat","embeddable":true,"href":"https:\/\/zubr.lt\/ru\/wp-json\/wp\/v2\/product_cat?post=41917"},{"taxonomy":"product_tag","embeddable":true,"href":"https:\/\/zubr.lt\/ru\/wp-json\/wp\/v2\/product_tag?post=41917"}],"curies":[{"name":"wp","href":"https:\/\/api.w.org\/{rel}","templated":true}]}}